{"id":1633,"date":"2025-02-26T12:53:57","date_gmt":"2025-02-26T11:53:57","guid":{"rendered":"https:\/\/whitespace.se\/form\/?page_id=1633"},"modified":"2025-02-26T12:53:57","modified_gmt":"2025-02-26T11:53:57","slug":"anmalan-webbinarium-oka-affarsnyttan-med-datadriven-tillganglighet","status":"publish","type":"page","link":"https:\/\/whitespace.se\/form\/anmalan-webbinarium-oka-affarsnyttan-med-datadriven-tillganglighet\/","title":{"rendered":"Anm\u00e4lan &#8211; Webbinarium: \u00f6ka aff\u00e4rsnyttan med datadriven tillg\u00e4nglighet"},"content":{"rendered":"","protected":false},"excerpt":{"rendered":"","protected":false},"author":1,"featured_media":0,"parent":0,"menu_order":0,"comment_status":"closed","ping_status":"closed","template":"","meta":[],"acf":[],"_links":{"self":[{"href":"https:\/\/whitespace.se\/form\/wp-json\/wp\/v2\/pages\/1633"}],"collection":[{"href":"https:\/\/whitespace.se\/form\/wp-json\/wp\/v2\/pages"}],"about":[{"href":"https:\/\/whitespace.se\/form\/wp-json\/wp\/v2\/types\/page"}],"author":[{"embeddable":true,"href":"https:\/\/whitespace.se\/form\/wp-json\/wp\/v2\/users\/1"}],"replies":[{"embeddable":true,"href":"https:\/\/whitespace.se\/form\/wp-json\/wp\/v2\/comments?post=1633"}],"version-history":[{"count":1,"href":"https:\/\/whitespace.se\/form\/wp-json\/wp\/v2\/pages\/1633\/revisions"}],"predecessor-version":[{"id":1634,"href":"https:\/\/whitespace.se\/form\/wp-json\/wp\/v2\/pages\/1633\/revisions\/1634"}],"wp:attachment":[{"href":"https:\/\/whitespace.se\/form\/wp-json\/wp\/v2\/media?parent=1633"}],"curies":[{"name":"wp","href":"https:\/\/api.w.org\/{rel}","templated":true}]}}